{"id":1326,"date":"2024-10-30T22:25:35","date_gmt":"2024-10-30T21:25:35","guid":{"rendered":"https:\/\/marion-serodio.fr\/?page_id=1326"},"modified":"2025-08-11T23:13:03","modified_gmt":"2025-08-11T21:13:03","slug":"la-charte-de-deontologie-de-la-leetherapie","status":"publish","type":"page","link":"https:\/\/marion-serodio.fr\/la-charte-de-deontologie-de-la-leetherapie\/","title":{"rendered":"La charte de d\u00e9ontologie de la Leeth\u00e9rapie"},"content":{"rendered":"<div class=\"wpb-content-wrapper\"><p>[vc_row][vc_column]<h1 class=\"sc_title sc_title_regular sc_align_center margin_top_null\" style=\"````text-align:center;\"><\/p>\n<h2 class=\"font_5 wixui-rich-text__text\" style=\"text-align: center;\">La Charte De D\u00e9ontologie<br class=\"wixui-rich-text__text\" \/>De La Leeth\u00e9rapie<\/h2>\n<p><\/h1><div class=\"sc_section\"><div class=\"sc_section_inner\"><h6 class=\"sc_section_subtitle sc_item_subtitle\">R\u00e8gle n\u00b01<\/h6><h3 class=\"sc_section_title sc_item_title sc_item_title_without_descr\">Le respect du droit de la personne<\/h3><div class=\"sc_section_content_wrap\">[vc_column_text css=\u00a0\u00bb\u00a0\u00bb]<\/p>\n<ul>\n<li style=\"list-style-type: none;\">\n<ul class=\"font_9 wixui-rich-text__text\">\n<li class=\"wixui-rich-text__text\">\n<p class=\"font_9 wixui-rich-text__text\">Le Leeth\u00e9rapeute exerce son activit\u00e9 dans le respect de la vie et de la personne humaine.<\/p>\n<\/li>\n<li class=\"wixui-rich-text__text\">\n<p class=\"font_9 wixui-rich-text__text\">Le Leeth\u00e9rapeute favorise l\u2019acc\u00e8s direct et libre de toute personne au Leeth\u00e9rapeute de son choix.<\/p>\n<\/li>\n<li class=\"wixui-rich-text__text\">\n<p class=\"font_9 wixui-rich-text__text\">Le Leeth\u00e9rapeute n\u2019intervient qu\u2019avec le consentement libre et \u00e9clair\u00e9 des personnes concern\u00e9es. Il pr\u00e9serve la vie priv\u00e9e et l\u2019intimit\u00e9 des personnes en garantissant le respect du secret professionnel. Il respecte le principe fondamental que nul n\u2019est tenu de r\u00e9v\u00e9ler quoi que ce soit sur lui-m\u00eame.<\/p>\n<\/li>\n<li class=\"wixui-rich-text__text\">\n<p class=\"font_9 wixui-rich-text__text\">Le Leeth\u00e9rapeute s\u2019attache \u00e0 respecter l\u2019autonomie d\u2019autrui et en particulier ses possibilit\u00e9s d\u2019information, sa libert\u00e9 de jugement et de d\u00e9cision.<\/p>\n<\/li>\n<li class=\"wixui-rich-text__text\">\n<p class=\"font_9 wixui-rich-text__text\">Le Leeth\u00e9rapeute r\u00e9f\u00e8re son exercice aux principes \u00e9dict\u00e9s par les l\u00e9gislations nationale, europ\u00e9enne et internationale sur le respect des droits fondamentaux des personnes, et sp\u00e9cialement de leur dignit\u00e9, de leur libert\u00e9 et de leur protection.<\/p>\n<\/li>\n<\/ul>\n<\/li>\n<\/ul>\n<p>[\/vc_column_text]<\/div><\/div><\/div><div class=\"sc_section\"><div class=\"sc_section_inner\"><h6 class=\"sc_section_subtitle sc_item_subtitle\">R\u00e8gle n\u00b02<\/h6><h3 class=\"sc_section_title sc_item_title sc_item_title_without_descr\">Les comp\u00e9tences<\/h3><div class=\"sc_section_content_wrap\">[vc_column_text css=\u00a0\u00bb\u00a0\u00bb]<\/p>\n<p class=\"font_9 wixui-rich-text__text\">Tout acte professionnel doit \u00eatre accompli avec soin et attention, selon les r\u00e8gles de bonnes pratiques correspondant \u00e0 l\u2019activit\u00e9 consid\u00e9r\u00e9e.<\/p>\n<p class=\"font_9 wixui-rich-text__text\">Chaque Leeth\u00e9rapeute est garant de ses qualifications particuli\u00e8res. Il d\u00e9finit ses limites propres compte tenu de sa formation et de son exp\u00e9rience. Il est de sa responsabilit\u00e9 \u00e9thique de refuser toute intervention lorsqu\u2019il sait ne pas avoir les comp\u00e9tences requises.<\/p>\n<p class=\"font_9 wixui-rich-text__text\">Quel que soit le contexte de son intervention et les \u00e9ventuelles pressions subies, il fait preuve de prudence, mesure, discernement et impartialit\u00e9.<\/p>\n<p class=\"font_9 wixui-rich-text__text\"><span class=\"inherit-font-size wixui-rich-text__text\">\u200b<\/span>Le Leeth\u00e9rapeute est tenu :<\/p>\n<ul>\n<li style=\"list-style-type: none;\">\n<ul class=\"font_9 wixui-rich-text__text\">\n<li class=\"wixui-rich-text__text\">\n<p class=\"font_9 wixui-rich-text__text\">De suivre les modules de formation obligatoires pour la pratique professionnelle de la Leeth\u00e9rapie.<\/p>\n<\/li>\n<li class=\"wixui-rich-text__text\">\n<p class=\"font_9 wixui-rich-text__text\">De discerner son implication personnelle dans la compr\u00e9hension d\u2019autrui.<\/p>\n<\/li>\n<li class=\"wixui-rich-text__text\">\n<p class=\"font_9 wixui-rich-text__text\">D\u2019exercer son activit\u00e9 professionnelle de mani\u00e8re non pr\u00e9judiciable pour le consultant. S\u2019interdire d\u2019\u00e9tablir un quelconque diagnostic m\u00e9dical.<\/p>\n<\/li>\n<li class=\"wixui-rich-text__text\">\n<p class=\"font_9 wixui-rich-text__text\">De ne pas entraver, interrompre ou modifier un traitement m\u00e9dical.<\/p>\n<\/li>\n<li class=\"wixui-rich-text__text\">\n<p class=\"font_9 wixui-rich-text__text\">De ne pas prescrire ou conseiller des m\u00e9dicaments.<\/p>\n<\/li>\n<li class=\"wixui-rich-text__text\">\n<p class=\"font_9 wixui-rich-text__text\">Diriger sans d\u00e9lai vers un m\u00e9decin toute personne se plaignant ou pr\u00e9sentant les signes d\u2019un malaise.<\/p>\n<\/li>\n<li class=\"wixui-rich-text__text\">\n<p class=\"font_9 wixui-rich-text__text\">De rediriger vers un autre praticien si les comp\u00e9tences requises d\u00e9passent son champ de comp\u00e9tences.<\/p>\n<\/li>\n<\/ul>\n<\/li>\n<\/ul>\n<p>[\/vc_column_text]<\/div><\/div><\/div><div class=\"sc_section\"><div class=\"sc_section_inner\"><h6 class=\"sc_section_subtitle sc_item_subtitle\">R\u00e8gle n\u00b03<\/h6><h3 class=\"sc_section_title sc_item_title sc_item_title_without_descr\">Le respect moral<\/h3><div class=\"sc_section_content_wrap\">[vc_column_text css=\u00a0\u00bb\u00a0\u00bb]<\/p>\n<ul>\n<li style=\"list-style-type: none;\">\n<ul class=\"font_9 wixui-rich-text__text\">\n<li class=\"wixui-rich-text__text\">\n<p class=\"font_9 wixui-rich-text__text\">Est strictement interdite et contraire \u00e0 la morale professionnelle toute intervention par le Leeth\u00e9rapeute ayant pour objet ou pour effet de permettre au Leeth\u00e9rapeute de tirer ind\u00fbment profit de l\u2019\u00e9tat de sant\u00e9 physique, morale ou psychologique d\u2019une personne.<\/p>\n<\/li>\n<li class=\"wixui-rich-text__text\">\n<p class=\"font_9 wixui-rich-text__text\">Le Leeth\u00e9rapeute est tenu du respect de la confidentialit\u00e9 des informations obtenues et \u00e9chang\u00e9es dans l\u2019exercice de sa profession.<\/p>\n<\/li>\n<li class=\"wixui-rich-text__text\">\n<p class=\"font_9 wixui-rich-text__text\">Le Leeth\u00e9rapeute doit entretenir de bons rapports avec les membres du corps m\u00e9dical, les membres des autres professions de sant\u00e9 et respecter leur ind\u00e9pendance professionnelle.<\/p>\n<\/li>\n<li class=\"wixui-rich-text__text\">\n<p class=\"font_9 wixui-rich-text__text\">Il est interdit aux Leeth\u00e9rapeutes de consentir des facilit\u00e9s \u00e0 quiconque se livre \u00e0 l\u2019exercice ill\u00e9gal de la m\u00e9decine, de la pharmacie ou de toute autre profession de sant\u00e9.<\/p>\n<\/li>\n<li class=\"wixui-rich-text__text\">\n<p class=\"font_9 wixui-rich-text__text\">Le Leeth\u00e9rapeute doit s\u2019abstenir de toute d\u00e9nonciation injustifi\u00e9e ou faite dans le dessein de nuire \u00e0 un autre praticien.<\/p>\n<\/li>\n<li class=\"wixui-rich-text__text\">\n<p class=\"font_9 wixui-rich-text__text\">Le Leeth\u00e9rapeute ne peut se pr\u00e9valoir de sa fonction pour cautionner un acte ill\u00e9gal et son titre ne le dispense pas des obligations de la loi commune. Dans le cas de situations susceptibles de porter atteinte \u00e0 l\u2019int\u00e9grit\u00e9 psychique ou physique de la personne qui le sollicite ou \u00e0 celle d\u2019un tiers, le Leeth\u00e9rapeute \u00e9value avec discernement la conduite \u00e0 tenir en tenant compte des dispositions l\u00e9gales en mati\u00e8re de secret professionnel et d\u2019assistance \u00e0 personne en p\u00e9ril.<\/p>\n<\/li>\n<li class=\"wixui-rich-text__text\">\n<p class=\"font_9 wixui-rich-text__text\">Le Leeth\u00e9rapeute ne participe pas \u00e0 des d\u00e9rives sectaires. Il n\u2019use pas de sa position \u00e0 des fins personnelles, de pros\u00e9lytisme ou d\u2019ali\u00e9nation \u00e9conomique, affective ou sexuelle d\u2019autrui.<\/p>\n<\/li>\n<li class=\"wixui-rich-text__text\">\n<p class=\"font_9 wixui-rich-text__text\">Le Leeth\u00e9rapeute s\u2019interdit de faire payer \u00e0 l\u2019avance la ou les prestations demand\u00e9es par un consultant. Le r\u00e8glement de la prestation est due au terme de celle-ci.<\/p>\n<\/li>\n<li class=\"wixui-rich-text__text\">\n<p class=\"font_9 wixui-rich-text__text\">Le Leeth\u00e9rapeute s\u2019interdit toute d\u00e9marche et prospection commerciale non adapt\u00e9e \u00e0 l\u2019esprit de la Leeth\u00e9rapie. Il ne peut proposer des actions commerciales telles que des bons cadeaux, cartes cadeaux, des remises sur le prix d\u2019une s\u00e9ance de Leeth\u00e9rapie \u00e0 l\u2019occasion d\u2019\u00e9v\u00e8nement annuels (St Valentin, f\u00eates de m\u00e8res\/p\u00e8res, No\u00ebl, etc\u2026), forfaits de plusieurs s\u00e9ances ainsi que des s\u00e9ances d\u2019essai.<\/p>\n<\/li>\n<\/ul>\n<\/li>\n<\/ul>\n<p>[\/vc_column_text]<\/div><\/div><\/div><div class=\"sc_section\" style=\"````\"><div class=\"sc_section_inner\"><h6 class=\"sc_section_subtitle sc_item_subtitle\">R\u00e8gle n\u00b04<\/h6><h3 class=\"sc_section_title sc_item_title sc_item_title_without_descr\">L\u2019Environnement et le respect des conditions d\u2019exercice<\/h3><div class=\"sc_section_content_wrap\">[vc_column_text css=\u00a0\u00bb\u00a0\u00bb]<\/p>\n<ul>\n<li style=\"list-style-type: none;\">\n<ul>\n<li class=\"font_9 wixui-rich-text__text\">Le Leeth\u00e9rapeute doit fournir tous les efforts pour recevoir les personnes dans les meilleures conditions possibles.<\/li>\n<li class=\"font_9 wixui-rich-text__text\">Le Leeth\u00e9rapeute doit respecter les r\u00e8gles l\u00e9gales et de bonnes m\u0153urs applicables \u00e0 la sp\u00e9cificit\u00e9 de son activit\u00e9.<\/li>\n<li class=\"font_9 wixui-rich-text__text\">Le Leeth\u00e9rapeute doit respecter les conditions d\u2019hygi\u00e8ne n\u00e9cessaires pour l\u2019exercice de son activit\u00e9 professionnelle.<\/li>\n<li class=\"font_9 wixui-rich-text__text\">Le Leeth\u00e9rapeute doit souscrire \u00e0 une assurance de Responsabilit\u00e9 Civile Professionnelle pour l\u2019exercice de son activit\u00e9 professionnelle.<\/li>\n<\/ul>\n<\/li>\n<\/ul>\n<p>[\/vc_column_text]<\/div><\/div><\/div><div class=\"sc_section\" style=\"````\"><div class=\"sc_section_inner\"><h6 class=\"sc_section_subtitle sc_item_subtitle\">R\u00e8gle n\u00b05<\/h6><h3 class=\"sc_section_title sc_item_title sc_item_title_without_descr\">La fiabilit\u00e9 des informations<\/h3><div class=\"sc_section_content_wrap\">[vc_column_text css=\u00a0\u00bb\u00a0\u00bb]<\/p>\n<ul>\n<li style=\"list-style-type: none;\">\n<ul>\n<li class=\"wixui-rich-text__text\">\n<p class=\"font_9 wixui-rich-text__text\">Le Leeth\u00e9rapeute d\u00e9clare des informations justes et fiables \u00e0 la fois sur son parcours, ses attestations, ses certifications et son champ de comp\u00e9tences.<\/p>\n<\/li>\n<li class=\"wixui-rich-text__text\">\n<p class=\"font_9 wixui-rich-text__text\">Le Leeth\u00e9rapeute a l\u2019obligation d\u2019afficher le certificat d\u2019autorisation d\u2019utiliser les termes \u00abLeeth\u00e9rapie\u00bb et \u00abLeeth\u00e9rapeute\u00bb dans sa pratique et sa communication. Ce certificat d\u2019autorisation de termes prot\u00e9g\u00e9s doit \u00eatre renouvel\u00e9 tous les 3 ans aupr\u00e8s du propri\u00e9taire de ces termes.<\/p>\n<\/li>\n<li class=\"wixui-rich-text__text\">\n<p class=\"font_9 wixui-rich-text__text\">Le Leeth\u00e9rapeute ne pr\u00e9tend pas avoir la facult\u00e9 d\u2019outrepasser son champ de comp\u00e9tence, et garantit, apr\u00e8s v\u00e9rification, l\u2019authenticit\u00e9 des informations pr\u00e9sentes sur ses supports de communication.<\/p>\n<\/li>\n<li class=\"wixui-rich-text__text\">\n<p class=\"font_9 wixui-rich-text__text\">Le Leeth\u00e9rapeute s\u2019interdit d\u2019utiliser les termes : gu\u00e9rir, soigner, traiter et autres termes r\u00e9serv\u00e9s au domaine m\u00e9dical, pouvant porter \u00e0 confusion sur les bienfaits de la Leeth\u00e9rapie.<\/p>\n<\/li>\n<li class=\"wixui-rich-text__text\">\n<p class=\"font_9 wixui-rich-text__text\">Le Leeth\u00e9rapeute refuse les titres de m\u00e9decin ou docteur et corrigera express\u00e9ment toute personne lui donnant verbalement ou par \u00e9crit ces titres.<\/p>\n<\/li>\n<li class=\"wixui-rich-text__text\">\n<p class=\"font_9 wixui-rich-text__text\">Tous les prix doivent \u00eatre port\u00e9s \u00e0 la connaissance du public, de mani\u00e8re claire et pr\u00e9cise, sans tromperie, ainsi que les modes de paiements accept\u00e9s.<\/p>\n<\/li>\n<li class=\"wixui-rich-text__text\">\n<p class=\"font_9 wixui-rich-text__text\">Tout Leeth\u00e9rapeute ne respectant pas les r\u00e8gles cit\u00e9es ci-dessus se verra interdire l\u2019utilisation des termes \u00ab Leeth\u00e9rapie \u00bb et \u00ab Leeth\u00e9rapeute \u00bb, propri\u00e9t\u00e9s de Chang DELAUNAY enregistr\u00e9es \u00e0 l\u2019INPI sous les r\u00e9f\u00e9rences 4786983 et 49811939.<\/p>\n<\/li>\n<\/ul>\n<\/li>\n<\/ul>\n<p>[\/vc_column_text]<\/div><\/div><\/div>[\/vc_column][\/vc_row]<\/p>\n<\/div>","protected":false},"excerpt":{"rendered":"<p>[vc_row][vc_column][\/vc_column][\/vc_row]<\/p>\n","protected":false},"author":1,"featured_media":0,"parent":0,"menu_order":0,"comment_status":"closed","ping_status":"closed","template":"","meta":{"footnotes":""},"class_list":["post-1326","page","type-page","status-publish","hentry"],"yoast_head":"<!-- This site is optimized with the Yoast SEO Premium plugin v25.6 (Yoast SEO v27.5) - https:\/\/yoast.com\/product\/yoast-seo-premium-wordpress\/ -->\n<title>Charte de d\u00e9ontologie Leeth\u00e9rapie \u2013 Marion Serodio, Auxonne<\/title>\n<meta name=\"description\" content=\"D\u00e9couvrez la charte de d\u00e9ontologie de la Leeth\u00e9rapie avec Marion Serodio \u00e0 Auxonne, garantissant \u00e9thique, respect et professionnalisme \u00e0 chaque s\u00e9ance.\" \/>\n<meta name=\"robots\" content=\"index, follow, max-snippet:-1, max-image-preview:large, max-video-preview:-1\" \/>\n<link rel=\"canonical\" href=\"https:\/\/marion-serodio.fr\/la-charte-de-deontologie-de-la-leetherapie\/\" \/>\n<meta property=\"og:locale\" content=\"fr_FR\" \/>\n<meta property=\"og:type\" content=\"article\" \/>\n<meta property=\"og:title\" content=\"La charte de d\u00e9ontologie de la Leeth\u00e9rapie\" \/>\n<meta property=\"og:description\" content=\"D\u00e9couvrez la charte de d\u00e9ontologie de la Leeth\u00e9rapie avec Marion Serodio \u00e0 Auxonne, garantissant \u00e9thique, respect et professionnalisme \u00e0 chaque s\u00e9ance.\" \/>\n<meta property=\"og:url\" content=\"https:\/\/marion-serodio.fr\/la-charte-de-deontologie-de-la-leetherapie\/\" \/>\n<meta property=\"og:site_name\" content=\"Leeth\u00e9rapie, Biokinergie et Massage \u00e0 Auxonne\" \/>\n<meta property=\"article:modified_time\" content=\"2025-08-11T21:13:03+00:00\" \/>\n<meta property=\"og:image\" content=\"https:\/\/marion-serodio.fr\/wp-content\/uploads\/2025\/12\/Nouvelle-image-Clematite.png\" \/>\n\t<meta property=\"og:image:width\" content=\"1024\" \/>\n\t<meta property=\"og:image:height\" content=\"1024\" \/>\n\t<meta property=\"og:image:type\" content=\"image\/png\" \/>\n<script type=\"application\/ld+json\" class=\"yoast-schema-graph\">{\"@context\":\"https:\\\/\\\/schema.org\",\"@graph\":[{\"@type\":\"WebPage\",\"@id\":\"https:\\\/\\\/marion-serodio.fr\\\/la-charte-de-deontologie-de-la-leetherapie\\\/\",\"url\":\"https:\\\/\\\/marion-serodio.fr\\\/la-charte-de-deontologie-de-la-leetherapie\\\/\",\"name\":\"Charte de d\u00e9ontologie Leeth\u00e9rapie \u2013 Marion Serodio, Auxonne\",\"isPartOf\":{\"@id\":\"https:\\\/\\\/marion-serodio.fr\\\/#website\"},\"datePublished\":\"2024-10-30T21:25:35+00:00\",\"dateModified\":\"2025-08-11T21:13:03+00:00\",\"description\":\"D\u00e9couvrez la charte de d\u00e9ontologie de la Leeth\u00e9rapie avec Marion Serodio \u00e0 Auxonne, garantissant \u00e9thique, respect et professionnalisme \u00e0 chaque s\u00e9ance.\",\"breadcrumb\":{\"@id\":\"https:\\\/\\\/marion-serodio.fr\\\/la-charte-de-deontologie-de-la-leetherapie\\\/#breadcrumb\"},\"inLanguage\":\"fr-FR\",\"potentialAction\":[{\"@type\":\"ReadAction\",\"target\":[\"https:\\\/\\\/marion-serodio.fr\\\/la-charte-de-deontologie-de-la-leetherapie\\\/\"]}]},{\"@type\":\"BreadcrumbList\",\"@id\":\"https:\\\/\\\/marion-serodio.fr\\\/la-charte-de-deontologie-de-la-leetherapie\\\/#breadcrumb\",\"itemListElement\":[{\"@type\":\"ListItem\",\"position\":1,\"name\":\"Accueil\",\"item\":\"https:\\\/\\\/marion-serodio.fr\\\/\"},{\"@type\":\"ListItem\",\"position\":2,\"name\":\"La charte de d\u00e9ontologie de la Leeth\u00e9rapie\"}]},{\"@type\":\"WebSite\",\"@id\":\"https:\\\/\\\/marion-serodio.fr\\\/#website\",\"url\":\"https:\\\/\\\/marion-serodio.fr\\\/\",\"name\":\"Marion Serodio\",\"description\":\"\",\"publisher\":{\"@id\":\"https:\\\/\\\/marion-serodio.fr\\\/#\\\/schema\\\/person\\\/28b6bf03616abe54901a7972d5afa699\"},\"alternateName\":\"Marion Serodio\",\"potentialAction\":[{\"@type\":\"SearchAction\",\"target\":{\"@type\":\"EntryPoint\",\"urlTemplate\":\"https:\\\/\\\/marion-serodio.fr\\\/?s={search_term_string}\"},\"query-input\":{\"@type\":\"PropertyValueSpecification\",\"valueRequired\":true,\"valueName\":\"search_term_string\"}}],\"inLanguage\":\"fr-FR\"},{\"@type\":[\"Person\",\"Organization\"],\"@id\":\"https:\\\/\\\/marion-serodio.fr\\\/#\\\/schema\\\/person\\\/28b6bf03616abe54901a7972d5afa699\",\"name\":\"Marion SERODIO\",\"image\":{\"@type\":\"ImageObject\",\"inLanguage\":\"fr-FR\",\"@id\":\"https:\\\/\\\/marion-serodio.fr\\\/wp-content\\\/uploads\\\/2025\\\/12\\\/Nouvelle-image-Clematite.png\",\"url\":\"https:\\\/\\\/marion-serodio.fr\\\/wp-content\\\/uploads\\\/2025\\\/12\\\/Nouvelle-image-Clematite.png\",\"contentUrl\":\"https:\\\/\\\/marion-serodio.fr\\\/wp-content\\\/uploads\\\/2025\\\/12\\\/Nouvelle-image-Clematite.png\",\"width\":1024,\"height\":1024,\"caption\":\"Marion SERODIO\"},\"logo\":{\"@id\":\"https:\\\/\\\/marion-serodio.fr\\\/wp-content\\\/uploads\\\/2025\\\/12\\\/Nouvelle-image-Clematite.png\"},\"sameAs\":[\"https:\\\/\\\/marion-serodio.fr\"],\"publishingPrinciples\":\"https:\\\/\\\/marion-serodio.fr\\\/\"}]}<\/script>\n<!-- \/ Yoast SEO Premium plugin. -->","yoast_head_json":{"title":"Charte de d\u00e9ontologie Leeth\u00e9rapie \u2013 Marion Serodio, Auxonne","description":"D\u00e9couvrez la charte de d\u00e9ontologie de la Leeth\u00e9rapie avec Marion Serodio \u00e0 Auxonne, garantissant \u00e9thique, respect et professionnalisme \u00e0 chaque s\u00e9ance.","robots":{"index":"index","follow":"follow","max-snippet":"max-snippet:-1","max-image-preview":"max-image-preview:large","max-video-preview":"max-video-preview:-1"},"canonical":"https:\/\/marion-serodio.fr\/la-charte-de-deontologie-de-la-leetherapie\/","og_locale":"fr_FR","og_type":"article","og_title":"La charte de d\u00e9ontologie de la Leeth\u00e9rapie","og_description":"D\u00e9couvrez la charte de d\u00e9ontologie de la Leeth\u00e9rapie avec Marion Serodio \u00e0 Auxonne, garantissant \u00e9thique, respect et professionnalisme \u00e0 chaque s\u00e9ance.","og_url":"https:\/\/marion-serodio.fr\/la-charte-de-deontologie-de-la-leetherapie\/","og_site_name":"Leeth\u00e9rapie, Biokinergie et Massage \u00e0 Auxonne","article_modified_time":"2025-08-11T21:13:03+00:00","og_image":[{"width":1024,"height":1024,"url":"https:\/\/marion-serodio.fr\/wp-content\/uploads\/2025\/12\/Nouvelle-image-Clematite.png","type":"image\/png"}],"schema":{"@context":"https:\/\/schema.org","@graph":[{"@type":"WebPage","@id":"https:\/\/marion-serodio.fr\/la-charte-de-deontologie-de-la-leetherapie\/","url":"https:\/\/marion-serodio.fr\/la-charte-de-deontologie-de-la-leetherapie\/","name":"Charte de d\u00e9ontologie Leeth\u00e9rapie \u2013 Marion Serodio, Auxonne","isPartOf":{"@id":"https:\/\/marion-serodio.fr\/#website"},"datePublished":"2024-10-30T21:25:35+00:00","dateModified":"2025-08-11T21:13:03+00:00","description":"D\u00e9couvrez la charte de d\u00e9ontologie de la Leeth\u00e9rapie avec Marion Serodio \u00e0 Auxonne, garantissant \u00e9thique, respect et professionnalisme \u00e0 chaque s\u00e9ance.","breadcrumb":{"@id":"https:\/\/marion-serodio.fr\/la-charte-de-deontologie-de-la-leetherapie\/#breadcrumb"},"inLanguage":"fr-FR","potentialAction":[{"@type":"ReadAction","target":["https:\/\/marion-serodio.fr\/la-charte-de-deontologie-de-la-leetherapie\/"]}]},{"@type":"BreadcrumbList","@id":"https:\/\/marion-serodio.fr\/la-charte-de-deontologie-de-la-leetherapie\/#breadcrumb","itemListElement":[{"@type":"ListItem","position":1,"name":"Accueil","item":"https:\/\/marion-serodio.fr\/"},{"@type":"ListItem","position":2,"name":"La charte de d\u00e9ontologie de la Leeth\u00e9rapie"}]},{"@type":"WebSite","@id":"https:\/\/marion-serodio.fr\/#website","url":"https:\/\/marion-serodio.fr\/","name":"Marion Serodio","description":"","publisher":{"@id":"https:\/\/marion-serodio.fr\/#\/schema\/person\/28b6bf03616abe54901a7972d5afa699"},"alternateName":"Marion Serodio","potentialAction":[{"@type":"SearchAction","target":{"@type":"EntryPoint","urlTemplate":"https:\/\/marion-serodio.fr\/?s={search_term_string}"},"query-input":{"@type":"PropertyValueSpecification","valueRequired":true,"valueName":"search_term_string"}}],"inLanguage":"fr-FR"},{"@type":["Person","Organization"],"@id":"https:\/\/marion-serodio.fr\/#\/schema\/person\/28b6bf03616abe54901a7972d5afa699","name":"Marion SERODIO","image":{"@type":"ImageObject","inLanguage":"fr-FR","@id":"https:\/\/marion-serodio.fr\/wp-content\/uploads\/2025\/12\/Nouvelle-image-Clematite.png","url":"https:\/\/marion-serodio.fr\/wp-content\/uploads\/2025\/12\/Nouvelle-image-Clematite.png","contentUrl":"https:\/\/marion-serodio.fr\/wp-content\/uploads\/2025\/12\/Nouvelle-image-Clematite.png","width":1024,"height":1024,"caption":"Marion SERODIO"},"logo":{"@id":"https:\/\/marion-serodio.fr\/wp-content\/uploads\/2025\/12\/Nouvelle-image-Clematite.png"},"sameAs":["https:\/\/marion-serodio.fr"],"publishingPrinciples":"https:\/\/marion-serodio.fr\/"}]}},"_links":{"self":[{"href":"https:\/\/marion-serodio.fr\/wp-json\/wp\/v2\/pages\/1326","targetHints":{"allow":["GET"]}}],"collection":[{"href":"https:\/\/marion-serodio.fr\/wp-json\/wp\/v2\/pages"}],"about":[{"href":"https:\/\/marion-serodio.fr\/wp-json\/wp\/v2\/types\/page"}],"author":[{"embeddable":true,"href":"https:\/\/marion-serodio.fr\/wp-json\/wp\/v2\/users\/1"}],"replies":[{"embeddable":true,"href":"https:\/\/marion-serodio.fr\/wp-json\/wp\/v2\/comments?post=1326"}],"version-history":[{"count":0,"href":"https:\/\/marion-serodio.fr\/wp-json\/wp\/v2\/pages\/1326\/revisions"}],"wp:attachment":[{"href":"https:\/\/marion-serodio.fr\/wp-json\/wp\/v2\/media?parent=1326"}],"curies":[{"name":"wp","href":"https:\/\/api.w.org\/{rel}","templated":true}]}}